{"id":722,"date":"2024-08-20T14:14:45","date_gmt":"2024-08-20T18:14:45","guid":{"rendered":"https:\/\/dnerhs.mspbs.gov.py\/?page_id=722"},"modified":"2026-03-31T09:26:55","modified_gmt":"2026-03-31T13:26:55","slug":"becas","status":"publish","type":"page","link":"https:\/\/dnerhs.mspbs.gov.py\/index.php\/becas\/","title":{"rendered":"Becas"},"content":{"rendered":"\n<figure class=\"wp-block-image size-large is-resized\"><img decoding=\"async\" loading=\"lazy\" src=\"https:\/\/dnerhs.mspbs.gov.py\/wp-content\/uploads\/2024\/09\/BECAS-1-1024x576.jpg\" alt=\"\" class=\"wp-image-771\" width=\"1141\" height=\"642\" srcset=\"https:\/\/dnerhs.mspbs.gov.py\/wp-content\/uploads\/2024\/09\/BECAS-1-1024x576.jpg 1024w, https:\/\/dnerhs.mspbs.gov.py\/wp-content\/uploads\/2024\/09\/BECAS-1-300x169.jpg 300w, https:\/\/dnerhs.mspbs.gov.py\/wp-content\/uploads\/2024\/09\/BECAS-1-768x432.jpg 768w, https:\/\/dnerhs.mspbs.gov.py\/wp-content\/uploads\/2024\/09\/BECAS-1-1536x864.jpg 1536w, https:\/\/dnerhs.mspbs.gov.py\/wp-content\/uploads\/2024\/09\/BECAS-1.jpg 1920w\" sizes=\"(max-width: 1141px) 100vw, 1141px\" \/><\/figure>\n\n\n\n<div style=\"height:25px\" aria-hidden=\"true\" class=\"wp-block-spacer\"><\/div>\n\n\n\n<p>En el marco del Convenio Interinstitucional entre el Ministerio de Salud P\u00fablica y Bienestar Social (MSPBS) e Instituciones Formadoras, el MSPBS pone a disposici\u00f3n de sus funcionarios y personal contratado becas de estudios para:<\/p>\n\n\n\n<ul>\n<li>Carreras de Pregrado<\/li>\n\n\n\n<li>Tecnicaturas Superiores<\/li>\n\n\n\n<li>Carreras de Grado<\/li>\n\n\n\n<li>Programas de Postgrado<\/li>\n\n\n\n<li>Cursos de Actualizaci\u00f3n<\/li>\n<\/ul>\n\n\n\n<p>Las becas otorgadas cubren los estudios del becario hasta la finalizaci\u00f3n del curso o carrera en la que se encuentre inscrito y la adjudicaci\u00f3n se realiza mediante un concurso anual.<\/p>\n\n\n\n<p>El concurso de becas est\u00e1 abierto a todos los funcionarios y personal contratado del MSPyBS que cumplan con los requisitos establecidos en la convocatoria. Los interesados tienen el derecho de presentar su postulaci\u00f3n en igualdad de condiciones, independientemente del \u00e1rea en la que se desempe\u00f1en. Cada convocatoria espec\u00edfica claramente los requisitos y la documentaci\u00f3n necesaria para postular.<\/p>\n\n\n\n<p>El otorgamiento de becas es una herramienta clave para la profesionalizaci\u00f3n del personal de salud. Los beneficiarios, al comprometerse responsablemente con sus estudios, no solo fortalecen su desarrollo profesional, sino que tambi\u00e9n contribuyen a mejorar la calidad de los servicios de salud ofrecidos a la ciudadan\u00eda.<\/p>\n\n\n\n<p class=\"has-medium-font-size\"><strong>Convocatoria 2024<\/strong><\/p>\n\n\n\n<p>Todo lo que necesitas saber sobre el proceso, programas, requisitos, cronogramas los encontrar\u00e1s desde el sigueinte bot\u00f3n: <\/p>\n\n\n\n<div style=\"height:25px\" aria-hidden=\"true\" class=\"wp-block-spacer\"><\/div>\n\n\n\n<div class=\"is-layout-flex wp-block-buttons\">\n<div class=\"wp-block-button\"><a class=\"wp-block-button__link has-background wp-element-button\" href=\"https:\/\/dnerhs.mspbs.gov.py\/index.php\/2024\/10\/23\/becas-dnerhs-mspbs-convocatoria-2024\/\" style=\"background-color:#ea2428\" target=\"_blank\" rel=\"noreferrer noopener\">C\u00d3MO POSTULARTE PARA LA CONVOCATORIA 2024<\/a><\/div>\n<\/div>\n\n\n\n<div style=\"height:25px\" aria-hidden=\"true\" class=\"wp-block-spacer\"><\/div>\n\n\n\n<p>Invitamos a los interesados a seguir el proceso de la convocatoria actual desde nuestra p\u00e1gina web y por nuestras redes sociales en donde estaremos publicando puntualmente cada actualizaci\u00f3n del proceso.&nbsp;<\/p>\n\n\n\n<div style=\"height:25px\" aria-hidden=\"true\" class=\"wp-block-spacer\"><\/div>\n\n\n\n<p>\u2709\ufe0f e-mail de contacto para consultas referente a las Becas <a href=\"mailto:becasdnerhs@mspbs.gov.py\">becasdnerhs@mspbs.gov.py<\/a>&nbsp;<\/p>\n\n\n\n<div class=\"is-layout-flex wp-block-buttons\">\n<div class=\"wp-block-button\"><a class=\"wp-block-button__link has-white-color has-vivid-green-cyan-background-color has-text-color has-background wp-element-button\" href=\"https:\/\/wa.me\/595987363814\" target=\"_blank\" rel=\"noreferrer noopener\">WhatsApp Becas +595987363814<\/a><\/div>\n<\/div>\n\n\n\n<div style=\"height:50px\" aria-hidden=\"true\" class=\"wp-block-spacer\"><\/div>\n\n\n\n<div class=\"is-content-justification-left is-layout-flex wp-container-3 wp-block-buttons\">\n<div class=\"wp-block-button\"><a class=\"wp-block-button__link has-background wp-element-button\" href=\"https:\/\/dnerhs.mspbs.gov.py\/index.php\/category\/noticias\/becasdnerhs\/becas2024\/\" style=\"background-color:#ea2428\" target=\"_blank\" rel=\"noreferrer noopener\">SIGA LAS NOTICIAS DE LA CONVOCATORIA ACTUAL<\/a><\/div>\n<\/div>\n","protected":false},"excerpt":{"rendered":"<p>En el marco del Convenio Interinstitucional entre el Ministerio de Salud P\u00fablica y Bienestar Social (MSPBS) e Instituciones Formadoras, el<\/p>\n","protected":false},"author":2,"featured_media":0,"parent":0,"menu_order":0,"comment_status":"closed","ping_status":"closed","template":"","meta":[],"_links":{"self":[{"href":"https:\/\/dnerhs.mspbs.gov.py\/index.php\/wp-json\/wp\/v2\/pages\/722"}],"collection":[{"href":"https:\/\/dnerhs.mspbs.gov.py\/index.php\/wp-json\/wp\/v2\/pages"}],"about":[{"href":"https:\/\/dnerhs.mspbs.gov.py\/index.php\/wp-json\/wp\/v2\/types\/page"}],"author":[{"embeddable":true,"href":"https:\/\/dnerhs.mspbs.gov.py\/index.php\/wp-json\/wp\/v2\/users\/2"}],"replies":[{"embeddable":true,"href":"https:\/\/dnerhs.mspbs.gov.py\/index.php\/wp-json\/wp\/v2\/comments?post=722"}],"version-history":[{"count":13,"href":"https:\/\/dnerhs.mspbs.gov.py\/index.php\/wp-json\/wp\/v2\/pages\/722\/revisions"}],"predecessor-version":[{"id":2344,"href":"https:\/\/dnerhs.mspbs.gov.py\/index.php\/wp-json\/wp\/v2\/pages\/722\/revisions\/2344"}],"wp:attachment":[{"href":"https:\/\/dnerhs.mspbs.gov.py\/index.php\/wp-json\/wp\/v2\/media?parent=722"}],"curies":[{"name":"wp","href":"https:\/\/api.w.org\/{rel}","templated":true}]}}