{"id":361,"date":"2024-07-22T12:24:40","date_gmt":"2024-07-22T16:24:40","guid":{"rendered":"https:\/\/dnerhs.mspbs.gov.py\/?page_id=361"},"modified":"2025-12-18T11:49:10","modified_gmt":"2025-12-18T14:49:10","slug":"resoluciones","status":"publish","type":"page","link":"https:\/\/dnerhs.mspbs.gov.py\/index.php\/resoluciones\/","title":{"rendered":"Resoluciones"},"content":{"rendered":"\n<div class=\"is-layout-constrained wp-block-group\"><div class=\"wp-block-group__inner-container\">\n<div style=\"height:25px\" aria-hidden=\"true\" class=\"wp-block-spacer\"><\/div>\n\n\n\n<ul>\n<li><strong>INTITUCIONAL<\/strong> <\/li>\n<\/ul>\n\n\n\n<p><a href=\"https:\/\/dnerhs.mspbs.gov.py\/wp-content\/uploads\/2024\/06\/RESOLUCION-184-2009.pdf\" target=\"_blank\" rel=\"noreferrer noopener\">RESOLUCI\u00d3N S. G. N\u00b0 184\/2009<\/a><\/p>\n\n\n\n<p>POR LA CUAL SE CREA LA DIRECCI\u00d3N NACIONAL ESTRAT\u00c9GICA DE RECURSOS HUMANOS EN SALUD (DNERHS), DEPENDIENTE DEL MINISTERIO DE SALUD P\u00daBLICA Y BIENESTAR SOCIAL<\/p>\n\n\n\n<p><a href=\"https:\/\/dnerhs.mspbs.gov.py\/wp-content\/uploads\/2024\/06\/RESOLUCION-S.G.-N%C2%B0-421-2020.pdf\" target=\"_blank\" rel=\"noreferrer noopener\">RESOLUCI\u00d3N S. G. N\u00b0 421\/2020<\/a><\/p>\n\n\n\n<p>POR LA CUAL SE APRUEBAN LAS L\u00cdNEAS ESTRAT\u00c9GICAS DE LA DIRECCI\u00d3N NACIONAL ESTRAT\u00c9GICA DE RECURSOS HUMANOS EN SALUD (DNERHS).<\/p>\n\n\n\n<p><a href=\"https:\/\/dnerhs.mspbs.gov.py\/wp-content\/uploads\/2024\/06\/Resolucion-S.G.-N\u00b0-369-2023.pdf\" target=\"_blank\" rel=\"noreferrer noopener\">RESOLUCI\u00d3N S. G. N\u00b0 369\/2023<\/a><\/p>\n\n\n\n<p>POR LA CUAL SE MODIFICA LA DENOMINACI\u00d3N DE UNIDADES ORG\u00c1NICAS QUE COMPONEN EL ORGANIGRAMA DE LA DIRECCI\u00d3N NACIONAL ESTRAT\u00c9GICA DE RECURSOS HUMANOS EN SALUD, Y SE APRUEBA EL MANUAL DE FUNCIONES Y PERFILES.<\/p>\n\n\n\n<ul class=\"has-large-font-size\">\n<li><strong>POL\u00cdTICA NACIONAL DE RECURSOS HUMANOS EN SALUD DEL PARAGUAY 2020-2030<\/strong><\/li>\n<\/ul>\n\n\n\n<p><a href=\"https:\/\/dnerhs.mspbs.gov.py\/wp-content\/uploads\/2024\/07\/RESOLUCION-S.G.-N\u00b0-488-2022.pdf\" target=\"_blank\" rel=\"noreferrer noopener\">RESOLUCI\u00d3N S.G. N\u00b0 488\/2022<\/a><\/p>\n\n\n\n<p>POR LA CUAL SE APRUEBA EL PLAN PARA LA IMPLEMENTACI\u00d3N Y EL MONITOREO DE LA POL\u00cdTICA NACIONAL DE RECURSOS HUMANOS EN SALUD DEL PARAGUAY 2020-2030.<\/p>\n\n\n\n<p><a rel=\"noreferrer noopener\" href=\"https:\/\/dnerhs.mspbs.gov.py\/wp-content\/uploads\/2024\/07\/RESOLUCION-S.G.-N\u00b0-051-2022.pdf\" target=\"_blank\">RESOLUCI\u00d3N S.G. N\u00b0 051\/2022<\/a><\/p>\n\n\n\n<p>POR LA CUAL SE CONFORMA EL COMIT\u00c9 NACIONAL PARA LA IMPLEMENTACI\u00d3N DE LA POL\u00cdTICA NACIONAL DE RECURSOS HUMANOS EN SALUD DEL PARAGUAY 2020-2030.<\/p>\n\n\n\n<p><a href=\"https:\/\/dnerhs.mspbs.gov.py\/wp-content\/uploads\/2025\/06\/RESOLUCION-S.G.-N\u00b0-228-2025.pdf\" data-type=\"URL\" data-id=\"https:\/\/dnerhs.mspbs.gov.py\/wp-content\/uploads\/2025\/06\/RESOLUCION-S.G.-N\u00b0-228-2025.pdf\" target=\"_blank\" rel=\"noreferrer noopener\">RESOLUCI\u00d3N S.G. N\u00b0228\/2025<\/a><\/p>\n\n\n\n<p>POR LA CUAL SE DISPONE LA ACTUALIZACI\u00d3N DE LA CONFORMACI\u00d3N DEL COMIT\u00c9 NACIONAL PARA LA IMPLEMENTACI\u00d3N DE LA POL\u00cdTICA NACIONAL DE RECURSOS HUMANOS EN SALUD DEL PARAGUAY 2O2O-203O, Y SE ABROGA LA RESOLUCI\u00d3N S.G. N\u00b0 051, DE FECHA 03 DE FEBRERO DE 2022, EN ATENCI\u00d3N A LA NECESIDAD DE REESTRUCTURAR Y FORTALECER LOS MECANISMOS DE GOBERNANZA Y COORDINACI\u00d3N EN MATERIA DE RECURSOS HUMANOS EN SALUD.<\/p>\n\n\n\n<p class=\"has-white-color has-text-color\"><a rel=\"noreferrer noopener\" href=\"https:\/\/dnerhs.mspbs.gov.py\/wp-content\/uploads\/2024\/07\/RESOLUCION-S.G.-N\u00b0-749-2020.pdf\" target=\"_blank\">RESOLUCI\u00d3N S.G. N\u00b0 749\/2020<\/a><\/p>\n\n\n\n<p>POR LA CUAL SE APRUEBA LA POL\u00cdTICA NACIONAL DE RECURSOS HUMANOS EN SALUD DEL PARAGUAY 2020-2030 Y SE DISPONE SU IMPLEMENTACI\u00d3N.<\/p>\n\n\n\n<p><a href=\"https:\/\/dnerhs.mspbs.gov.py\/wp-content\/uploads\/2025\/06\/RESOLUCION-S.G.-N\u00b0-265-2025.pdf\" data-type=\"URL\" data-id=\"https:\/\/dnerhs.mspbs.gov.py\/wp-content\/uploads\/2025\/06\/RESOLUCION-S.G.-N\u00b0-265-2025.pdf\" target=\"_blank\" rel=\"noreferrer noopener\">RESOLUCI\u00d3N S.G. N\u00b0265\/2025<\/a><\/p>\n\n\n\n<p>POR LA CUAL SE ESTABLECE LA CREACI\u00d3N, INTEGRACI\u00d3N Y CONFORMACI\u00d3N DEL COMIT\u00c9 T\u00c9CNICO INSTITUCIONAL, COMO INSTANCIA ESPECIALIZADA RESPONSABLE DE LA COORDINACI\u00d3N Y SUPERVISI\u00d3N DEL PROCESO DE DISE\u00d1O Y CONSTRUCCI\u00d3N DE LA CARRERA SANITARIA.<\/p>\n\n\n\n<div style=\"height:25px\" aria-hidden=\"true\" class=\"wp-block-spacer\"><\/div>\n\n\n\n<ul>\n<li><strong>OBSERVATORIO DE RECURSOS HUMANOS EN SALUD EN EL PARAGUAY<\/strong><\/li>\n<\/ul>\n\n\n\n<p><a href=\"https:\/\/dnerhs.mspbs.gov.py\/wp-content\/uploads\/2024\/07\/RESOLUCION-S.G.-N\u00b0-343-2020.pdf\" target=\"_blank\" rel=\"noreferrer noopener\">RESOLUCI\u00d3N S.G. N\u00b0 343\/2020<\/a><\/p>\n\n\n\n<p>POR LA CUAL SE MODIFICAN LOS ART\u00cdCULOS 4\u00b0 Y 6\u00b0 DE LA RESOLUCI\u00d3N S.G. N\u00b0 879, DE FECHA 06 DE NOVIEMBRE DE 2009, POR LA CUAL SE DISPONEN LA&nbsp; CREACI\u00d3N Y EL FUNCIONAMIENTO DEL OBSERVATORIO DE RECURSOS HUMANOS EN SALUD EN EL PARAGUAY.<\/p>\n\n\n\n<p><a href=\"https:\/\/dnerhs.mspbs.gov.py\/wp-content\/uploads\/2024\/07\/RESOLUCION-S.G.-N\u00b0-879-2009.pdf\" target=\"_blank\" rel=\"noreferrer noopener\">RESOLUCI\u00d3N S.G. N\u00b0 879\/2009<\/a><\/p>\n\n\n\n<p>POR LA CUAL SE DISPONE LA CREACI\u00d3N Y EL FUNCIONAMIENTO DEL OBSERVATORIO DE RECURSOS HUMANOS EN SALUD EN EL PARAGUAY.<\/p>\n\n\n\n<p><a href=\"https:\/\/dnerhs.mspbs.gov.py\/wp-content\/uploads\/2025\/02\/RESOLUCION-S.G.-N\u00b0-038-2025.pdf\" data-type=\"URL\" data-id=\"https:\/\/dnerhs.mspbs.gov.py\/wp-content\/uploads\/2025\/02\/RESOLUCION-S.G.-N\u00b0-038-2025.pdf\" target=\"_blank\" rel=\"noreferrer noopener\">RESOLUCI\u00d3N S.G. N\u00b0 038\/2025<\/a><\/p>\n\n\n\n<p>POR LA CUAL SE APRUEBA EL REGLAMENTO INTERNO DEL COMIT\u00c9 EJECUTIVO DEL OBSERVATORIO DE RECURSOS HUMANOS EN SALUD EN EL PARAGUAY Y SE DISPONE LA MODIFICACI\u00d3N DEL ART\u00cdCULO 10 DE LA RESOLUCI\u00d3N S.G. N\u00b0 343\/2O2O.<\/p>\n\n\n\n<div style=\"height:25px\" aria-hidden=\"true\" class=\"wp-block-spacer\"><\/div>\n\n\n\n<ul>\n<li><strong>PLAN NACIONAL DE FORMACI\u00d3N Y CAPACITACI\u00d3N DE RECURSOS HUMANOS EN SALUD DEL PARAGUAY 2022-2030<\/strong><\/li>\n<\/ul>\n\n\n\n<p><a href=\"https:\/\/dnerhs.mspbs.gov.py\/wp-content\/uploads\/2024\/07\/RESOLUCION-S.G.-N\u00b0-576-2022.pdf\" target=\"_blank\" rel=\"noreferrer noopener\">RESOLUCI\u00d3N S.G. N\u00b0 576\/2022<\/a><\/p>\n\n\n\n<p>POR LA CUAL SE APRUEBA EL PLAN NACIONAL DE FORMACI\u00d3N Y CAPACITACI\u00d3N DE RECURSOS HUMANOS EN SALUD DEL PARAGUAY 2022-2030.<\/p>\n\n\n\n<p><a href=\"https:\/\/dnerhs.mspbs.gov.py\/wp-content\/uploads\/2024\/07\/RESOLUCION-S.G.-N\u00b0-386-2021.pdf\" target=\"_blank\" rel=\"noreferrer noopener\">RESOLUCI\u00d3N S.G. N\u00b0 386\/2021<\/a><\/p>\n\n\n\n<p>POR LA CUAL SE CONFORMA EL COMIT\u00c9 EJECUTIVO PARA LA CONSTRUCCI\u00d3N DEL PLAN NACIONAL DE CAPACITACI\u00d3N DE RECURSOS HUMANOS EN SALUD.<\/p>\n\n\n\n<div style=\"height:25px\" aria-hidden=\"true\" class=\"wp-block-spacer\"><\/div>\n\n\n\n<ul>\n<li><strong>CAT\u00c1LOGO DE PROFESIONES EN SALUD<\/strong><\/li>\n<\/ul>\n\n\n\n<p><a href=\"https:\/\/dnerhs.mspbs.gov.py\/wp-content\/uploads\/2024\/07\/RESOLUCION-S.G.-N\u00b0-205-2021.pdf\" target=\"_blank\" rel=\"noreferrer noopener\">RESOLUCI\u00d3N S.G. N\u00b0 205\/2021<\/a><\/p>\n\n\n\n<p>POR LA CUAL SE CONFORMA EL COMIT\u00c9 DE CAT\u00c1LOGO DE PROFESIONES EN SALUD DEL MINISTERIO DE SALUD P\u00daBLICA Y BIENESTAR SOCIAL. SE ESTABLECE SU ESTRUCTURA Y FUNCIONES, Y SE ABROGA LA RESOLUCI\u00d3N S.G. N\u00b0 877, DE FECHA 17 DE NOVIEMBRE DE 2015.<\/p>\n\n\n\n<p><a href=\"https:\/\/dnerhs.mspbs.gov.py\/wp-content\/uploads\/2025\/08\/RESOLUCION-S.G.-N\u00b0-563-2025..pdf\" data-type=\"URL\" data-id=\"https:\/\/dnerhs.mspbs.gov.py\/wp-content\/uploads\/2025\/08\/RESOLUCION-S.G.-N\u00b0-563-2025..pdf\" target=\"_blank\" rel=\"noreferrer noopener\">RESOLUCI\u00d3N S.G. N\u00b0 563\/2025<\/a><\/p>\n\n\n\n<p>POR LA CUAL SE UNIFICA LA ESTRUCTURA Y FUNCIONAMIENTO DEL COMIT\u00c9 EJECUTIVO DEL CAT\u00c1LOGO DE PROFESIONES DEL MINISTERIO DE SALUD P\u00daBLICA Y BIENESTAR SOCIAL, SE APRUEBA EL \u00abREGLAMENTO INTERNO DEL COMIT\u00c9 EJECUTIVO DEL CAT\u00c1LOGO DE PROFESIONES DEL MSPyBS Y SE ABROGAN LAS RESOLUCIONES S.G. N\u00b0 205, DE FECHA 05 DE ABRIL DE 2021, y S.G. N\u00b0 603, DE FECHA 17 DE NOVIEMBRE DE 2020.<\/p>\n\n\n\n<p><a href=\"https:\/\/dnerhs.mspbs.gov.py\/wp-content\/uploads\/2024\/07\/RESOLUCION-S.G.-N\u00b0-194-2021.pdf\" target=\"_blank\" rel=\"noreferrer noopener\">RESOLUCI\u00d3N S.G. N\u00b0 194\/2021<\/a><\/p>\n\n\n\n<p>POR LA CUAL SE APRUEBA EL CAT\u00c1LOGO DE PROFESIONES EN SALUD DEL MINISTERIO DE SALUD P\u00daBLICA Y BIENESTAR SOCIAL Y SE ABROGA LA RESOLUCI\u00d3N S.G. N\u00b0 467, DE FECHA 06 DE OCTUBRE DE 2020.<\/p>\n\n\n\n<p><a href=\"https:\/\/dnerhs.mspbs.gov.py\/wp-content\/uploads\/2025\/08\/RESOLUCION-S.G.-N\u00b0-564-2025.pdf\" data-type=\"URL\" data-id=\"https:\/\/dnerhs.mspbs.gov.py\/wp-content\/uploads\/2025\/08\/RESOLUCION-S.G.-N\u00b0-564-2025.pdf\" target=\"_blank\" rel=\"noreferrer noopener\">RESOLUCI\u00d3N S.G. N\u00b0 564\/2025<\/a><\/p>\n\n\n\n<p>POR LA CUAL SE ACTUALIZA EL CAT\u00c1LOGO DE PROFESIONALES DEL MINISTERIO DE SALUD P\u00daBLICA Y BIENESTAR SOCIAL Y SE ABROGA LA <\/p>\n\n\n\n<p>RESOLUCI\u00d3N S.G. N\u00b0 194, DE FECHA 30 DE MARZO DE 2021.<\/p>\n\n\n\n<div style=\"height:25px\" aria-hidden=\"true\" class=\"wp-block-spacer\"><\/div>\n\n\n\n<ul>\n<li><strong>CAT\u00c1LOGO DE ESPECIALIDADES DE LOS PROFESIONALES DE LA SALUD<\/strong><\/li>\n<\/ul>\n\n\n\n<p><a href=\"https:\/\/dnerhs.mspbs.gov.py\/wp-content\/uploads\/2024\/07\/RESOLUCION-S.G.-N\u00b0-314-2023.pdf\" target=\"_blank\" rel=\"noreferrer noopener\">RESOLUCI\u00d3N S.G. N\u00b0 314\/2023&nbsp;<\/a><\/p>\n\n\n\n<p>POR LA CUAL SE APRUEBA EL CAT\u00c1LOGO DEL MINISTERIO DE SALUD P\u00daBLICA Y BIENESTAR SOCIAL PARA LAS ESPECIALIDADES CL\u00cdNICAS DE LA CARRERA DE MEDICINA<\/p>\n\n\n\n<p><a href=\"https:\/\/dnerhs.mspbs.gov.py\/wp-content\/uploads\/2024\/07\/RESOLUCION-S.G.-N\u00b0-315-2023.pdf\" target=\"_blank\" rel=\"noreferrer noopener\">RESOLUCI\u00d3N S.G. N\u00b0 315\/2023&nbsp;<\/a><\/p>\n\n\n\n<p>POR LA CUAL SE APRUEBA EL CAT\u00c1LOGO DEL MINISTERIO DE SALUD P\u00daBLICA Y BIENESTAR SOCIAL PARA LAS ESPECIALIDADES CL\u00cdNICAS DE LA CARRERA DE ENFERMER\u00cdA<\/p>\n\n\n\n<p><a href=\"https:\/\/dnerhs.mspbs.gov.py\/wp-content\/uploads\/2024\/07\/RESOLUCION-S.G.-N\u00b0-316-2023.pdf\" target=\"_blank\" rel=\"noreferrer noopener\">RESOLUCI\u00d3N S.G. N\u00b0 316\/2023&nbsp;<\/a><\/p>\n\n\n\n<p>POR LA CUAL SE APRUEBA EL CAT\u00c1LOGO DEL MINISTERIO DE SALUD P\u00daBLICA Y BIENESTAR SOCIAL PARA LAS ESPECIALIDADES CL\u00cdNICAS DE LA CARRERA DE ODONTOLOG\u00cdA<\/p>\n\n\n\n<p><a href=\"https:\/\/dnerhs.mspbs.gov.py\/wp-content\/uploads\/2024\/07\/RESOLUCION-S.G.-N\u00b0-603-2020.pdf\" target=\"_blank\" rel=\"noreferrer noopener\">RESOLUCI\u00d3N S.G. N\u00b0 603\/2020<\/a><\/p>\n\n\n\n<p>POR LA CUAL SE DISPONE LA CREACI\u00d3N, INTEGRACI\u00d3N Y CONFORMACI\u00d3N DE UN COMIT\u00c9 EJECUTIVO INSTITUCIONAL PARA LA CONSTRUCCI\u00d3N DEL CAT\u00c1LOGO DE ESPECIALIDADES DE LOS PROFESIONALES DE LA SALUD.<\/p>\n\n\n\n<p><a href=\"https:\/\/dnerhs.mspbs.gov.py\/wp-content\/uploads\/2024\/11\/RESOLUCION-S.G.-780-2024.pdf\" data-type=\"URL\" data-id=\"https:\/\/dnerhs.mspbs.gov.py\/wp-content\/uploads\/2024\/11\/RESOLUCION-S.G.-780-2024.pdf\" target=\"_blank\" rel=\"noreferrer noopener\">RESOLUCI\u00d3N S.G. N\u00b0 780\/2024<\/a><\/p>\n\n\n\n<p>POR LA CUAL SE APRUEBA EL CAT\u00c1LOGO DE ESPECIALIDADES TRANSVERSALES EN SALUD DEL MINISTERIO DE SALUD P\u00daBLICA Y BIENESTAR SOCIAL.<\/p>\n\n\n\n<p><a href=\"https:\/\/dnerhs.mspbs.gov.py\/wp-content\/uploads\/2024\/11\/RESOLUCION-S.G.-781-2024..pdf\" data-type=\"URL\" data-id=\"https:\/\/dnerhs.mspbs.gov.py\/wp-content\/uploads\/2024\/11\/RESOLUCION-S.G.-781-2024..pdf\" target=\"_blank\" rel=\"noreferrer noopener\">RESOLUCI\u00d3N S.G. N\u00b0 781\/2024<\/a><\/p>\n\n\n\n<p>POR LA CUAL SE APRUEBA EL CAT\u00c1LOGO DE ESPECIALIDADES DE LA CARRERA DE PSICOLOG\u00cdA DEL MINISTERIO DE SALUD P\u00daBLICA Y BIENESTAR SOCIAL.<\/p>\n\n\n\n<p><a href=\"https:\/\/dnerhs.mspbs.gov.py\/wp-content\/uploads\/2024\/11\/RESOLUCION-S.G.-782-2024.pdf\" data-type=\"URL\" data-id=\"https:\/\/dnerhs.mspbs.gov.py\/wp-content\/uploads\/2024\/11\/RESOLUCION-S.G.-782-2024.pdf\" target=\"_blank\" rel=\"noreferrer noopener\">RESOLUCI\u00d3N S.G. N\u00b0 782\/2024<\/a><\/p>\n\n\n\n<p>POR LA CUAL SE APRUEBA El CAT\u00c1LOGO DE ESPECIALIDADES CL\u00cdNICAS DE LA CARRERA DE BIOQU\u00cdMICA DEL MINISTERIO DE SALUD P\u00daBLICA Y BIENESTAR SOCIAL.<\/p>\n\n\n\n<div style=\"height:25px\" aria-hidden=\"true\" class=\"wp-block-spacer\"><\/div>\n\n\n\n<ul>\n<li><strong>CONVENIOS INTERINSTITUCIONALES ENTRE EL MSPBS E INSTITUCIONES FORMADORAS<\/strong><\/li>\n<\/ul>\n\n\n\n<p><a href=\"https:\/\/dnerhs.mspbs.gov.py\/wp-content\/uploads\/2024\/08\/RESOLUCION-S.G.-N\u00b0-328-2022.pdf\" target=\"_blank\" rel=\"noreferrer noopener\">RESOLUCI\u00d3N S.G. N\u00b0 328\/2022<\/a><\/p>\n\n\n\n<p>POR LA CUAL SE APRUEBAN LOS FORMATOS DE CONVENIOS INTERINSTITUCIONALES ENTRE EL MINISTERIO DE SALUD P\u00daBLICA Y BIENESTAR SOCIAL E INSTITUCIONES FORMADORAS PRIVADAS Y P\u00daBLICAS EN MATERIA DE CARRERAS DE PREGRADO DE TECNICATURAS SUPERIORES EN SALUD, Y SUS DOCUMENTOS COMPLEMENTARIOS.<\/p>\n\n\n\n<p><a rel=\"noreferrer noopener\" href=\"https:\/\/dnerhs.mspbs.gov.py\/wp-content\/uploads\/2024\/08\/RESOLUCION-S.G.-N\u00b0-863-2022.pdf\" data-type=\"URL\" data-id=\"https:\/\/dnerhs.mspbs.gov.py\/wp-content\/uploads\/2024\/08\/RESOLUCION-S.G.-N\u00b0-863-2022.pdf\" target=\"_blank\">RESOLUCI\u00d3N S.G. N\u00b0 863\/2023<\/a> * (ADENDA RESOLUCI\u00d3N S.G. N\u00b0 328\/2022)<\/p>\n\n\n\n<p>POR LA CUAL SE MODIFICA LA CL\u00c1USULA D\u00c9CIMO CUARTA \u201cDEL OTORGAMIENTO DE BECAS\u00bb DEL ANEXO DE LOS FORMATOS DE CONVENIOS INTERINSTITUCIONALES ENTRE EL MINISTERIO DE SALUD P\u00daBLICA Y BIENESTAR SOCIAL E INSTITUCIONES FORMADORAS PRIVADAS, EN MATERIA DE CARRERAS DE PREGRADO DE TECNICATURAS SUPERIORES EN SALUD, APROBADA POR RESOLUCI\u00d3N S.G. N\u00b0 328\/2022<\/p>\n\n\n\n<p><a href=\"https:\/\/dnerhs.mspbs.gov.py\/wp-content\/uploads\/2024\/08\/RESOLUCION-S.G.-N\u00b0-292-2022.pdf\" target=\"_blank\" rel=\"noreferrer noopener\">RESOLUCI\u00d3N S.G. N\u00b0 292\/2022<\/a><\/p>\n\n\n\n<p>POR LA CUAL SE APRUEBAN LOS FORMATOS DE CONVENIOS INTERINSTITUCIONALES ENTRE EL MINISTERIO DE SALUD P\u00daBLICA Y BIENESTAR SOCIAL E INSTITUCIONES FORMADORAS PRIVADAS Y P\u00daBLICAS, EN MATERIA DE CARRERAS DE GRADO, Y LOS DOCUMENTOS COMPLEMENTARIOS; Y SE ABROGAN LAS RESOLUCIONES S.G. N\u00b0 234, DE FECHA 20 DE ABRIL DE 2021, Y S.G. N\u00b0 36, DE FECHA 24 DE ENERO DE 2022.<\/p>\n\n\n\n<p><a href=\"https:\/\/dnerhs.mspbs.gov.py\/wp-content\/uploads\/2024\/08\/RESOLUCION-S.G.-N\u00b0-862-2022.pdf\" data-type=\"URL\" data-id=\"https:\/\/dnerhs.mspbs.gov.py\/wp-content\/uploads\/2024\/08\/RESOLUCION-S.G.-N\u00b0-862-2022.pdf\" target=\"_blank\" rel=\"noreferrer noopener\">RESOLUCI\u00d3N S.G. N\u00b0 862\/2023<\/a> * (ADENDA RESOLUCI\u00d3N S.G. N\u00b0 292\/2022)<\/p>\n\n\n\n<p>POR LA CUAL SE MODIFICA LA CL\u00c1USULA QUINTA \u201cDE LAS DOCUMENTACIONES REQUERIDAS PARA LA SUSCRIPCI\u00d3N\u201d DEL ANEXO DE LOS FORMATOS DE CONVENIOS INTERINSTITUCIONALES ENTRE EL MINISTERIO DE SALUD P\u00daBLICA Y BIENESTAR SOCIAL E INSTITUCIONES FORMADORAS PRIVADAS Y P\u00daBLICAS Y, LA CL\u00c1USULA D\u00c9CIMO CUARTA \u201cDEL OTORGAMIENTO DE BECAS\u00bb DEL ANEXO DE LOS FORMATOS DE CONVENIOS CON LAS INSTITUCIONES FORMADORAS PRIVADAS, EN MATERIA DE CARRER\/IS DE GRADO, APROBADAS POR RESOLUCI\u00d3N S.C. N\u00b0 292\/2022<\/p>\n\n\n\n<p><a href=\"https:\/\/dnerhs.mspbs.gov.py\/wp-content\/uploads\/2024\/08\/RESOLUCION-S.G.-N\u00b0-01-2022.pdf\" target=\"_blank\" rel=\"noreferrer noopener\">RESOLUCI\u00d3N S.G. N\u00b0 01\/2022<\/a><\/p>\n\n\n\n<p>POR LA CUAL SE APRUEBA EL FORMATO DE CONVENIO INTERINSTITUCIONAL ENTRE EL MINISTERIO DE SALUD P\u00daBLICA Y BIENESTAR SOCIAL E INSTITUCIONES FORMADORAS PRIVADAS Y P\u00daBLICAS EN MATERIA DE PROGRAMAS DE POSTGRADO, AS\u00cd COMO SUS DOCUMENTOS COMPLEMENTARIOS; Y SE ABROGA LA RESOLUCI\u00d3N S.G. N\u00b0 731, DE FECHA 24 DE DICIEMBRE DE 2020.<\/p>\n\n\n\n<p><a href=\"https:\/\/dnerhs.mspbs.gov.py\/wp-content\/uploads\/2024\/08\/RESOLUCION-S.G.-N\u00b0-861-2022.pdf\" data-type=\"URL\" data-id=\"https:\/\/dnerhs.mspbs.gov.py\/wp-content\/uploads\/2024\/08\/RESOLUCION-S.G.-N\u00b0-861-2022.pdf\" target=\"_blank\" rel=\"noreferrer noopener\">RESOLUCI\u00d3N S.G. N\u00b0 861\/2023<\/a> * (ADENDA RESOLUCI\u00d3N S.G. N\u00b0 01\/2022)<br>POR LA CUAL SE MODIFICA LA CL\u00c1USULA CUARTA DEL ANEXO DEL FORMATO DEL CONVENIO INTERINSTITUCIONAL ENTRE EL MINISTERIO DE SALUD P\u00daBLICA Y BIENESTAR SOCIAL E INSTITUCIONES FORMADORAS PRIVADAS Y P\u00daBLICAS, Y LA CL\u00c1USULA D\u00c9CIMO TERCERA DEL ANEXO DEL FORMATO DEL CONVENIO INTERINSTITUCIONAL CON INSTITUCIONES FORMADORAS PRIVADAS Y P\u00daBLICAS, EN MATERIA DE PROGRAMAS DE POSTGRADO APROBADAS POR RESOLUCI\u00d3N S.G. N\u00b0 01\/2022<\/p>\n\n\n\n<p><a href=\"https:\/\/dnerhs.mspbs.gov.py\/wp-content\/uploads\/2024\/12\/RESOLUCION-SG.-N\u00b0-824-2024.pdf\" data-type=\"URL\" data-id=\"https:\/\/dnerhs.mspbs.gov.py\/wp-content\/uploads\/2024\/12\/RESOLUCION-SG.-N\u00b0-824-2024.pdf\" target=\"_blank\" rel=\"noreferrer noopener\">RESOLUCI\u00d3N S.G. N\u00b0 824\/2024<\/a><\/p>\n\n\n\n<p>POR LA CUAL SE APRUEBA LA NORMATIVA PARA EL USUFRUCTO DE LOS CAMPOS DE PR\u00c1CTICAS DIRIGIDAS A LAS INSTITUCIONES P\u00daBLICAS, PRIVADAS Y A LOS ESTABLECIMIENTOS DEPENDIENTES DEL MINISTERIO DE SALUD P\u00daBLICA Y BIENESTAR SOCIAL.<\/p>\n\n\n\n<div style=\"height:25px\" aria-hidden=\"true\" class=\"wp-block-spacer\"><\/div>\n\n\n\n<ul>\n<li><strong>BECAS EN EL MARCO DE LOS CONVENIOS INTERINSTITUCIONALES ENTRE EL MSPYBS Y LAS INSTITUCIONES FORMADORAS PRIVADAS<\/strong><\/li>\n<\/ul>\n\n\n\n<p><a href=\"https:\/\/dnerhs.mspbs.gov.py\/wp-content\/uploads\/2024\/10\/RESOLUCION-S.G.-N\u00b0-876-2023-2.pdf\" target=\"_blank\" rel=\"noreferrer noopener\">RESOLUCI\u00d3N S.G. N\u00b0 876\/2023&nbsp;<\/a><\/p>\n\n\n\n<p>POR LA CUAL SE APRUEBA EL REGLAMENTO DE SELECCI\u00d3N, ADJUDICACI\u00d3N Y CONTROL DE CUMPLIMIENTO DE BECAS COMPLETAS DE ESTUDIO DE CARRERAS DE PREGRADO DE TECNICATURA SUPERIOR, CARRERAS DE GRADO, PROGRAMAS DE POSTGRADO Y CURSOS DE ACTUALIZACI\u00d3N, DIRIGIDO A FUNCIONARIOS Y PERSONAL CONTRATADO DEL MINISTERIO DE SALUD P\u00daBLICA Y BIENESTAR SOCIAL; Y SE ABROGA LA RESOLUCI\u00d3N S.G. N\u00b0 544, DE FECHA 31 DE OCTUBRE DE 2022.<\/p>\n\n\n\n<p><a href=\"https:\/\/dnerhs.mspbs.gov.py\/wp-content\/uploads\/2024\/07\/RESOLUCION-S.G.-N\u00b0-544-2022.pdf\" target=\"_blank\" rel=\"noreferrer noopener\">RESOLUCI\u00d3N S.G. N\u00b0 544\/2022<\/a><\/p>\n\n\n\n<p>POR LA CUAL SE APRUEBA EL REGLAMENTO DE SELECCI\u00d3N, ADJUDICACI\u00d3N Y SEGUIMIENTO DE BECAS DE CARRERAS DE PREGRADO DE TECNICATURA SUPERIOR, CARRERAS DE GRADO Y PROGRAMAS DE POSTGRADO A FUNCIONARIOS Y PERSONAL CONTRATADO DEL MINISTERIO DE SALUD P\u00daBLICA Y BIENESTAR SOCIAL; Y SE ABROGA LA RESOLUCI\u00d3N S.G. N\u00b0 271, DE FECHA 30 DE ABRIL DE 2021, Y LA RESOLUCI\u00d3N S.G. NO 419, DE FECHA 07 DE SETIEMBRE DE 2022.<\/p>\n\n\n\n<p><a href=\"https:\/\/dnerhs.mspbs.gov.py\/wp-content\/uploads\/2024\/07\/RESOLUCION-S.G.-N\u00b0-419-2022.pdf\" target=\"_blank\" rel=\"noreferrer noopener\">RESOLUCI\u00d3N S.G. N\u00b0 419\/2022<\/a><\/p>\n\n\n\n<p>POR LA CUAL SE MODIFICA EL FORMULARIO DE POSTULACI\u00d3N DEL REGLAMENTO DE SELECCI\u00d3N, ADJUDICACI\u00d3N Y SEGUIMIENTO DE BECAS DE CARRERAS DE GRADO A FUNCIONARIOS DEL MINISTERIO DE SALUD P\u00daBLICA Y BIENESTAR SOCIAL, APROBADO POR RESOLUCI\u00d3N S.G. N\u00b0 271, DE FECHA 30 DE ABRIL DEL 2021.<\/p>\n\n\n\n<p><a href=\"https:\/\/dnerhs.mspbs.gov.py\/wp-content\/uploads\/2024\/07\/RESOLUCION-S.G.-N\u00b0-271-2021.pdf\" target=\"_blank\" rel=\"noreferrer noopener\">RESOLUCI\u00d3N S.G. N\u00b0 271\/2021<\/a><\/p>\n\n\n\n<p>POR LA CUAL SE APRUEBA EL REGLAMENTO DE SELECCI\u00d3N, ADJUDICACI\u00d3N Y SEGUIMIENTO DE BECAS DE CARRERAS DE GRADO A FUNCIONARIOS DEL MINISTERIO DE SALUD P\u00daBLICA Y BIENESTAR SOCIAL, SE CONFORMA EL EQUIPO T\u00c9CNICO DE BECAS; Y SE ABROGA LA RESOLUCI\u00d3N S.G. N\u00b0 313, DE FECHA 14 DE JUNIO DE 2018.<\/p>\n\n\n\n<p><a href=\"https:\/\/dnerhs.mspbs.gov.py\/wp-content\/uploads\/2024\/07\/RESOLUCION-S.G.-N\u00b0-313-2018.pdf\" target=\"_blank\" rel=\"noreferrer noopener\">RESOLUCI\u00d3N S.G. N\u00b0 313\/2018<\/a><\/p>\n\n\n\n<p>POR LA CUAL SE APRUEBA EL REGLAMENTO DE OTORGAMIENTO DE BECAS A FUNCIONARIOS DEL MINISTERIO DE SALUD P\u00daBLICA Y BIENESTAR SOCIAL EN VIRTUD DEL CONVENIO CON INSTITUCIONES FORMADORAS<\/p>\n\n\n\n<div style=\"height:25px\" aria-hidden=\"true\" class=\"wp-block-spacer\"><\/div>\n\n\n\n<ul>\n<li><strong>VERIFICACI\u00d3N IN SITU<\/strong><\/li>\n<\/ul>\n\n\n\n<p><a href=\"https:\/\/dnerhs.mspbs.gov.py\/wp-content\/uploads\/2024\/07\/RESOLUCION-S.G.-N\u00b0-088-2022.pdf\" target=\"_blank\" rel=\"noreferrer noopener\">RESOLUCI\u00d3N S.G. N\u00b0 088\/2022<\/a><\/p>\n\n\n\n<p>POR LA CUAL SE APRUEBA EL PROCEDIMIENTO PARA LA REALIZACI\u00d3N DE LA VERIFICACI\u00d3N IN-SITU DEL CUMPLIMIENTO DE LAS CL\u00c1USULAS DE LOS CONVENIOS INTERINSTITUCIONALES SUSCRITOS EN MATERIA DE CARRERAS DE GRADO Y PROGRAMAS DE POSTGRADO ENTRE EL MSPBS E INSTITUCIONES FORMADORAS.<\/p>\n\n\n\n<div style=\"height:25px\" aria-hidden=\"true\" class=\"wp-block-spacer\"><\/div>\n\n\n\n<ul>\n<li><strong>OTRAS RESOLUCIONES<\/strong><\/li>\n<\/ul>\n\n\n\n<p><a href=\"https:\/\/dnerhs.mspbs.gov.py\/wp-content\/uploads\/2025\/07\/RESOLUCION-S.G.-N\u00b0-490-2025.pdf\" data-type=\"URL\" data-id=\"https:\/\/dnerhs.mspbs.gov.py\/wp-content\/uploads\/2025\/07\/RESOLUCION-S.G.-N\u00b0-490-2025.pdf\" target=\"_blank\" rel=\"noreferrer noopener\">RESOLUCI\u00d3N S.G. N\u00b0 490\/2025<\/a><\/p>\n\n\n\n<p>POR LA CUAL SE APRUEBA EL <a href=\"https:\/\/dnerhs.mspbs.gov.py\/wp-content\/uploads\/2025\/07\/MARCO-DE-COMPETENCIAS-DEL-PROFESIONAL-DE-LA-SALUD-EN-EL-PARAGUAY.pdf\" data-type=\"URL\" data-id=\"https:\/\/dnerhs.mspbs.gov.py\/wp-content\/uploads\/2025\/07\/MARCO-DE-COMPETENCIAS-DEL-PROFESIONAL-DE-LA-SALUD-EN-EL-PARAGUAY.pdf\" target=\"_blank\" rel=\"noreferrer noopener\">MARCO DE COMPETENCIAS DEL PROFESIONAL DE LA SALUD EN EL PARAGUAY PARA TODOS LOS NIVELES DE ATENCI\u00d3N, CON ENFOQUE EN ATENCI\u00d3N PRIMARIA DE LA SALUD (APS)<\/a>.<\/p>\n\n\n\n<p><a href=\"https:\/\/dnerhs.mspbs.gov.py\/wp-content\/uploads\/2025\/07\/RESOLUCION-S.G.-N\u00b0-485-2025.pdf\" data-type=\"URL\" data-id=\"https:\/\/dnerhs.mspbs.gov.py\/wp-content\/uploads\/2025\/07\/RESOLUCION-S.G.-N\u00b0-485-2025.pdf\" target=\"_blank\" rel=\"noreferrer noopener\">RESOLUCI\u00d3N S.G. N\u00b0 485\/2025<\/a><\/p>\n\n\n\n<p>POR LA CUAL SE DECLARA DE INTER\u00c9S MINISTERIAL LA SEMANA DE LOS RECURSOS HUMANOS EN SALUD &#8211; II FORO NACIONAL DE RECURSOS HUMANOS EN SALUD \u201cLIDERAZGO Y GESTI\u00d3N DEL EQUIPO DE TRABAJO EN SALUD\u201d, QUE SE REALIZAR\u00c1 DEL 08 AL 12 DE SEPTIEMBRE DE 2025, CON EL APOYO DE LA ORGANIZACI\u00d3N PANAMERICANA DE LA SALUD (OPS\/OMS).<\/p>\n\n\n\n<p><a rel=\"noreferrer noopener\" href=\"https:\/\/dnerhs.mspbs.gov.py\/wp-content\/uploads\/2025\/09\/RESOLUCION-S.G.-N\u00b0-630-2025.pdf\" data-type=\"URL\" data-id=\"https:\/\/dnerhs.mspbs.gov.py\/wp-content\/uploads\/2025\/09\/RESOLUCION-S.G.-N\u00b0-630-2025.pdf\" target=\"_blank\">RESOLUCI\u00d3N S.G. N\u00b0 630\/2025<\/a><\/p>\n\n\n\n<p>POR LA CUAL SE RECONOCE LA SEGUNDA SEMANA DE SETIEMBRE, COMO LA<br>SEMANA NACIONAL DE LOS RECURSOS HUMANOS EN SALUD\u00bb.<\/p>\n\n\n\n<div style=\"height:100px\" aria-hidden=\"true\" class=\"wp-block-spacer\"><\/div>\n<\/div><\/div>\n","protected":false},"excerpt":{"rendered":"<p>RESOLUCI\u00d3N S. G. N\u00b0 184\/2009 POR LA CUAL SE CREA LA DIRECCI\u00d3N NACIONAL ESTRAT\u00c9GICA DE RECURSOS HUMANOS EN SALUD (DNERHS),<\/p>\n","protected":false},"author":2,"featured_media":0,"parent":0,"menu_order":0,"comment_status":"closed","ping_status":"closed","template":"","meta":[],"_links":{"self":[{"href":"https:\/\/dnerhs.mspbs.gov.py\/index.php\/wp-json\/wp\/v2\/pages\/361"}],"collection":[{"href":"https:\/\/dnerhs.mspbs.gov.py\/index.php\/wp-json\/wp\/v2\/pages"}],"about":[{"href":"https:\/\/dnerhs.mspbs.gov.py\/index.php\/wp-json\/wp\/v2\/types\/page"}],"author":[{"embeddable":true,"href":"https:\/\/dnerhs.mspbs.gov.py\/index.php\/wp-json\/wp\/v2\/users\/2"}],"replies":[{"embeddable":true,"href":"https:\/\/dnerhs.mspbs.gov.py\/index.php\/wp-json\/wp\/v2\/comments?post=361"}],"version-history":[{"count":34,"href":"https:\/\/dnerhs.mspbs.gov.py\/index.php\/wp-json\/wp\/v2\/pages\/361\/revisions"}],"predecessor-version":[{"id":2240,"href":"https:\/\/dnerhs.mspbs.gov.py\/index.php\/wp-json\/wp\/v2\/pages\/361\/revisions\/2240"}],"wp:attachment":[{"href":"https:\/\/dnerhs.mspbs.gov.py\/index.php\/wp-json\/wp\/v2\/media?parent=361"}],"curies":[{"name":"wp","href":"https:\/\/api.w.org\/{rel}","templated":true}]}}