{"id":118,"date":"2023-03-09T09:40:37","date_gmt":"2023-03-09T12:40:37","guid":{"rendered":"http:\/\/namyasai.mspbs.gov.py\/?page_id=118"},"modified":"2024-06-24T17:32:05","modified_gmt":"2024-06-24T21:32:05","slug":"contactanos","status":"publish","type":"page","link":"https:\/\/dnerhs.mspbs.gov.py\/index.php\/contactanos\/","title":{"rendered":"Contactos"},"content":{"rendered":"\n<p><\/p>\n\n\n\n<div class=\"is-layout-constrained wp-block-group\"><div class=\"wp-block-group__inner-container\">\n<div class=\"is-layout-flex wp-container-5 wp-block-columns\">\n<div class=\"is-layout-flow wp-block-column\">\n<figure class=\"is-layout-flex wp-block-gallery-1 wp-block-gallery has-nested-images columns-default is-cropped\">\n<figure class=\"wp-block-image size-full\"><img decoding=\"async\" loading=\"lazy\" width=\"1000\" height=\"1000\" src=\"https:\/\/dnerhs.mspbs.gov.py\/wp-content\/uploads\/2024\/06\/Isologo-DNERHS-1000x1000-1.jpg\" alt=\"\" class=\"wp-image-278\" srcset=\"https:\/\/dnerhs.mspbs.gov.py\/wp-content\/uploads\/2024\/06\/Isologo-DNERHS-1000x1000-1.jpg 1000w, https:\/\/dnerhs.mspbs.gov.py\/wp-content\/uploads\/2024\/06\/Isologo-DNERHS-1000x1000-1-300x300.jpg 300w, https:\/\/dnerhs.mspbs.gov.py\/wp-content\/uploads\/2024\/06\/Isologo-DNERHS-1000x1000-1-150x150.jpg 150w, https:\/\/dnerhs.mspbs.gov.py\/wp-content\/uploads\/2024\/06\/Isologo-DNERHS-1000x1000-1-768x768.jpg 768w\" sizes=\"(max-width: 1000px) 100vw, 1000px\" \/><\/figure>\n<\/figure>\n<\/div>\n\n\n\n<div class=\"is-layout-flow wp-block-column\">\n<p class=\"has-text-align-left\"><strong>Canales oficiales de contacto de la DNERHS<\/strong><\/p>\n\n\n\n<p><strong>Tel\u00e9fono<\/strong>: <a href=\"tel:\/\/+59521282815\" data-type=\"tel\" data-id=\"tel:\/\/59521282815\">021-282815<\/a><\/p>\n\n\n\n<p><strong>Correo electr\u00f3nico:<\/strong> <a href=\"mailto:dnerhs@mspbs.gov.py\">dnerhs@mspbs.gov.py<\/a>&nbsp;<\/p>\n\n\n\n<p><strong>Direcci\u00f3n: <br><\/strong>Teniente Coronel Mauricio Escobar c\/ Avda. Venezuela<br>Asunci\u00f3n &#8211; Paraguay<\/p>\n\n\n\n<p><strong>Horario: <br><\/strong>Lunes a viernes de 7:00 a 15:00 horas<\/p>\n\n\n\n<iframe src=\"https:\/\/www.google.com\/maps\/embed?pb=!1m18!1m12!1m3!1d3607.894397437514!2d-57.59539502383214!3d-25.274137626744693!2m3!1f0!2f0!3f0!3m2!1i1024!2i768!4f13.1!3m3!1m2!1s0x945da7705658678f%3A0xa52be65f144c4d34!2sDNERHS!5e0!3m2!1ses!2spy!4v1718913809821!5m2!1ses!2spy\" width=\"400\" height=\"300\" style=\"border:0;\" allowfullscreen=\"\" loading=\"lazy\" referrerpolicy=\"no-referrer-when-downgrade\"><\/iframe>\n<\/div>\n<\/div>\n<\/div><\/div>\n","protected":false},"excerpt":{"rendered":"<p>Canales oficiales de contacto de la DNERHS Tel\u00e9fono: 021-282815 Correo electr\u00f3nico: dnerhs@mspbs.gov.py&nbsp; Direcci\u00f3n: Teniente Coronel Mauricio Escobar c\/ Avda. VenezuelaAsunci\u00f3n<\/p>\n","protected":false},"author":1,"featured_media":0,"parent":0,"menu_order":0,"comment_status":"closed","ping_status":"closed","template":"","meta":[],"_links":{"self":[{"href":"https:\/\/dnerhs.mspbs.gov.py\/index.php\/wp-json\/wp\/v2\/pages\/118"}],"collection":[{"href":"https:\/\/dnerhs.mspbs.gov.py\/index.php\/wp-json\/wp\/v2\/pages"}],"about":[{"href":"https:\/\/dnerhs.mspbs.gov.py\/index.php\/wp-json\/wp\/v2\/types\/page"}],"author":[{"embeddable":true,"href":"https:\/\/dnerhs.mspbs.gov.py\/index.php\/wp-json\/wp\/v2\/users\/1"}],"replies":[{"embeddable":true,"href":"https:\/\/dnerhs.mspbs.gov.py\/index.php\/wp-json\/wp\/v2\/comments?post=118"}],"version-history":[{"count":10,"href":"https:\/\/dnerhs.mspbs.gov.py\/index.php\/wp-json\/wp\/v2\/pages\/118\/revisions"}],"predecessor-version":[{"id":306,"href":"https:\/\/dnerhs.mspbs.gov.py\/index.php\/wp-json\/wp\/v2\/pages\/118\/revisions\/306"}],"wp:attachment":[{"href":"https:\/\/dnerhs.mspbs.gov.py\/index.php\/wp-json\/wp\/v2\/media?parent=118"}],"curies":[{"name":"wp","href":"https:\/\/api.w.org\/{rel}","templated":true}]}}